{"id":304,"date":"2019-08-27T16:11:10","date_gmt":"2019-08-27T15:11:10","guid":{"rendered":"http:\/\/wildnpride.com\/?page_id=304"},"modified":"2019-08-27T16:11:10","modified_gmt":"2019-08-27T15:11:10","slug":"lagoenser-kater","status":"publish","type":"page","link":"https:\/\/wildnpride.com\/en\/lagoenser-kater\/","title":{"rendered":"Lagoenser Kater"},"content":{"rendered":"<p><span style=\"font-family: arial, helvetica, sans-serif;\">Meine Geschichte \u00fcber angepasste Jagdverhaltensweisen eines weisen Hauskaters ist schnell erz\u00e4hlt: <\/span><\/p>\n<p><span style=\"font-family: arial, helvetica, sans-serif;\">Heute weckten mich aus meinem Vormittagsschl\u00e4fchen gar zu k\u00f6stliche D\u00fcfte. Ich schlich mich leise in die K\u00fcche, um dort ein bisschen im Weg zu stehen. Brav stolperten meine Menschen um mich herum, ohne mir auf die Pfoten zu treten. Sehr gut erzogen! Ich hielt meine Nase in die Luft. Es war tats\u00e4chlich H\u00fchnchen. H\u00dcHNCHEN!!! Ich lie\u00df ein zun\u00e4chst zartes und etwas kl\u00e4gliches Maunzen vernehmen und wartete die Wirkung ab &#8230; Ich wurde zwar sofort beachtet, bet\u00e4tschelt und liebevoll angeredet, aber von dem k\u00f6stlichen H\u00fchnchen flog mir dennoch nichts in den Hals. Ich legte etwas mehr Pathos in mein Miauen. Leider ebenfalls ohne Erfolg. <\/span><\/p>\n<p><span style=\"font-family: arial, helvetica, sans-serif;\">Nun legte ich mich wie \u00fcblich genau in die engste Verbindungsstelle zwischen K\u00fcche und Fresszimmer und wartete ungeduldig ab. Erfahrungsgem\u00e4\u00df konnte mein aus tiefster Seele dringendes niedliches Miauen nicht lange unbeantwortet bleiben. Und in der Tat, nach nur ein paar Malen \u00fcber die Pfote lecken und ein bisschen hoffnungsfroh Herumschnurren kam meine Mama tats\u00e4chlich schnurstracks mit meinem Futtersch\u00e4lchen um die Ecke. Prompt skizzierte ich mit meinem Schwanz ein Fragezeichen in der Luft und trippelte ihr gl\u00fcckselig hinterher. MEINE BEUTE. MEINS! Das hatte ich rechtm\u00e4\u00dfig erlegt &#8211; oder etwas nicht? Ich schnupperte am Napf: Es war Leber. Extra vom Chefkoch-Mensch f\u00fcr mich gebraten. Sehr fein. Daran hatte ich nichts auszusetzen. Nur &#8211; f\u00fcr wen war denn nun das H\u00fchnchen? Meine Menschen wollten doch nicht etwa so viel H\u00fchnchen ohne mich verspeisen?! Also das ging ja wohl so was von gar nicht! Okay. Die Leber war mir ja nun sicher. Also schnellstens in die K\u00fcche zur\u00fcck und weiterbetteln! &#8220;Mau-maunz-mioh!!! Ohne H\u00fchnchen werde ich gar nicht froh!&#8221; &#8220;Aber Streuni! Magst du denn deine Leber nicht?&#8221;, hie\u00df es sofort. Doch. Passt schon. Aber H\u00fchnchen will ich auch. Sagten meine weit aufgerissenen Augen. Das war nun offensichtlich eine klare Ansage. Da erbarmten sich gleich beide meiner, sowohl mein Papa-Mensch als auch meine Mama-Menschin. Ich sahnte endlich jede Menge H\u00fchnchen ab und dies ohne allzu gro\u00dfe Anstrengung &#8211; zumindest im Vergleich zur M\u00e4usejagd. Ich pflege daher zu sagen, Menschenerziehung ist zwar nicht leicht, aber sie lohnt sich! <\/span><\/p>\n<p><span style=\"font-family: arial, helvetica, sans-serif;\">So, und nun muss ich dringend mein Nachmittagsschl\u00e4fchen halten. Wird Zeit f\u00fcr mich. Bis zur n\u00e4chsten Lehrstunde!<\/span><\/p>\n","protected":false},"excerpt":{"rendered":"<p>Meine Geschichte \u00fcber angepasste Jagdverhaltensweisen eines weisen Hauskaters ist schnell erz\u00e4hlt: Heute weckten mich aus meinem Vormittagsschl\u00e4fchen gar zu k\u00f6stliche D\u00fcfte. Ich schlich mich leise in die K\u00fcche, um dort ein bisschen im Weg zu stehen. Brav stolperten meine Menschen um mich herum, ohne mir auf die Pfoten zu treten. Sehr gut erzogen! Ich hielt&#8230;<\/p>\n","protected":false},"author":1,"featured_media":0,"parent":0,"menu_order":0,"comment_status":"closed","ping_status":"closed","template":"","meta":{"spay_email":""},"translation":{"provider":"WPGlobus","version":"2.6.8","language":"en","enabled_languages":["de","en"],"languages":{"de":{"title":true,"content":true,"excerpt":false},"en":{"title":false,"content":false,"excerpt":false}}},"_links":{"self":[{"href":"https:\/\/wildnpride.com\/en\/wp-json\/wp\/v2\/pages\/304"}],"collection":[{"href":"https:\/\/wildnpride.com\/en\/wp-json\/wp\/v2\/pages"}],"about":[{"href":"https:\/\/wildnpride.com\/en\/wp-json\/wp\/v2\/types\/page"}],"author":[{"embeddable":true,"href":"https:\/\/wildnpride.com\/en\/wp-json\/wp\/v2\/users\/1"}],"replies":[{"embeddable":true,"href":"https:\/\/wildnpride.com\/en\/wp-json\/wp\/v2\/comments?post=304"}],"version-history":[{"count":1,"href":"https:\/\/wildnpride.com\/en\/wp-json\/wp\/v2\/pages\/304\/revisions"}],"predecessor-version":[{"id":305,"href":"https:\/\/wildnpride.com\/en\/wp-json\/wp\/v2\/pages\/304\/revisions\/305"}],"wp:attachment":[{"href":"https:\/\/wildnpride.com\/en\/wp-json\/wp\/v2\/media?parent=304"}],"curies":[{"name":"wp","href":"https:\/\/api.w.org\/{rel}","templated":true}]}}