{"id":307,"date":"2019-08-27T16:10:36","date_gmt":"2019-08-27T15:10:36","guid":{"rendered":"http:\/\/wildnpride.com\/?page_id=307"},"modified":"2019-08-27T16:10:36","modified_gmt":"2019-08-27T15:10:36","slug":"beim-tierarzt","status":"publish","type":"page","link":"https:\/\/wildnpride.com\/en\/beim-tierarzt\/","title":{"rendered":"Beim Tierarzt"},"content":{"rendered":"<p><span style=\"font-family: arial, helvetica, sans-serif;\">Heute: Wie man sich den Tierarzt erzieht<\/span><\/p>\n<p><span style=\"font-family: arial, helvetica, sans-serif;\">Gestern schleppten mich meine Menschen zum Tierarzt. Ich habe meinen Menschen ja schon ein paar Male versucht klarzumachen, dass das keine gute Idee ist und ich nicht damit einverstanden bin, aber ausgerechnet bei dem Thema Tierarzt scheine ich bei meinen Menschen auf Granit zu bei\u00dfen. Aber &#8230;, mal ganz ehrlich, f\u00fcge ich mich deswegen etwa brav in mein Schicksal??? Aber nicht doch, nicht doch! Wer wird denn gleich aufgeben &#8230;?! Der Besuch begr\u00fcndete sich mit einer Impfung (da wird man gepiekst und erh\u00e4lt eine Fl\u00fcssigkeit, damit man nicht bekommt, was man nicht hat und auch nicht haben will &#8211; irgendwelche Schei\u00dfkrankheiten), und dann hie\u00df es noch, die Krallen w\u00e4ren zu lang und m\u00fcssten mir geschnitten werden. <\/span><\/p>\n<p><span style=\"font-family: arial, helvetica, sans-serif;\">Okay, also die Impfung lie\u00df ich noch klaglos \u00fcber mich ergehen. Ich sa\u00df da, machte keinen Mucks und dachte nur: Bin halt ein alter Kriegsveteran, man muss sich da wohl schon noch mehr einfallen lassen, um mich aus der Reserve zu locken. Dann kam die Tablette mit der Wurmkur. Auch das nahm ich zwar ungern, aber noch relativ gelassen hin. Schlie\u00dflich griff die Tier\u00e4rztin mit einer Hand zur Krallenschere und mit der anderen sehr entschieden zu einer meiner Pfoten. Da war es dann abrupt mit der Kriegsveteranen-Gelassenheit vorbei. Ich mutierte blitzschnell zum aktiven Krieger. Ich zuckte mit der Pfote zur\u00fcck. Die Tier\u00e4rztin hielt diese daraufhin entschlossener fest und wagte ein schnelles Schnipp-schnapp. Ein leises Grollen drang aus meiner Kehle. Die Tier\u00e4rztin lie\u00df sich davon zun\u00e4chst nicht beeindrucken. Ein weiteres Schnipp-schnipp. Ich wurde deutlicher: Was genau an &#8220;gggrrrrmmmhhhrrroarrr&#8221; verstehen Sie bitte nicht, Sie dumme Gans??!!! Mein Ton wurde mit jedem Schnipp vernehmlicher und bedrohlicher. Die Tier\u00e4rztin stellte sich offensichtlich taub. Ob ich da meine noch verbliebenen langen, scharfen Krallen zum Einsatz bringen sollte? Schnipp-schnapp! Die n\u00e4chste Kralle war ab. Irgendwie musste ich hier ganz, ganz dringend Tacheles reden: &#8220;GROARRRRMMGRRR&#8230;!!! ICH SAGTE: ICH WILL DAS NICHT!!!!!!!&#8221; Der gesamte Behandlungstisch vibrierte und mein grummelndes Brummen war mittlerweile schon auf das Niveau eines ausgewachsenen B\u00e4ren angeschwollen, also, w\u00fcrde ich jetzt mal so sagen. Mein Schwanz peitschte hin und her. Ich wand mich erfolgreich unter dem entschiedenen Griff von sechs H\u00e4nden. Dann langte ich endlich mit ausgefahrenen Krallen zu. Ich war fair gewesen und hatte meinen Angriff ordnungsgem\u00e4\u00df angek\u00fcndigt. Nat\u00fcrlich st\u00fcrzte ich mich ausschlie\u00dflich auf die Tier\u00e4rztin. Meine Menschen waren offensichtlich gerade in ihren falschen Bann geraten, also war sie, die dumme Gans, letztlich alles schuld. Zack-zack, zack-zack-zack. Schneller als der schnellste Augenblick raste meine Pfote hin und her, hier- und dahin und grub sich wie durch Butter tief ins Fleisch des tier\u00e4rztlichen Armes. Die Tier\u00e4rztin jedoch, ich konnte es nicht fassen, lie\u00df sich immer noch nicht abschrecken. Sie nahm mich zwischen ihre Arme, streichelte mich und redete, es sollte wohl liebevoll-erkl\u00e4rend sein, auf mich ein. Siebenundzwanzigster Versuch, mir die Krallen zu schneiden, wobei ein paar davon bereits ihre \u00fcberlange Spitze eingeb\u00fc\u00dft hatten. Ich schlug weiter um mich, wand mich und grollte bitterbitterb\u00f6se, als ob es ums nackte \u00dcberleben ginge. Die Tier\u00e4rztin besorgte sich dicke Handschuhe. Das machte mir aber erst recht Lust aufs Zubei\u00dfen und &#8211; auch wenn es kaum m\u00f6glich schien und ich selbst nicht mehr wusste, woher ich die Kraft nehmen sollte &#8211; ich steigerte und steigerte mich weiter und weiter in meine Wut hinein. Die Tier\u00e4rztin streichelte mich nun wiederum (geht&#8217;s noch?!!) und sang mir ein Miau-Lied vor. Ich sah ihr direkt in die Augen und fr\u00f6nte schlichtweg Mordgel\u00fcsten. Singen konnte sie also auch nicht. Jedenfalls war ihr Katzianisch beschissen und ich hatte sowas von die Nase voll von dem ganzen Schei\u00df. Meine Menschen h\u00f6rten doch sonst immer so fein aufs Wort. Die hatte ich echt gut hingekriegt. Was war nur los? Was war heute anders? Es war mittlerweile nur eine einzige lange Kralle \u00fcbrig geblieben, die die Tier\u00e4rztin noch nicht geschnitten hatte und sie blieb zum Gl\u00fcck \u00fcbrig. Endlich waren wir uns alle einig. V\u00f6llig entnervt sahen sich die Menschen an und beschlossen, diese letzte so zu lassen. Ich hatte zumindest einen Teilsieg errungen. Warum denn nicht gleich so? <\/span><\/p>\n<p><span style=\"font-family: arial, helvetica, sans-serif;\">Ich h\u00f6rte meine Menschin sagen: &#8220;Ich wei\u00df gar nicht, was bei mir gerade beim Tierarzt \u00fcberwog: Mein Stolz \u00fcber Streunis Wildheit und Unbeugsamkeit, die Sorge, dass ihm die bl\u00f6den langen Krallen in seine sensiblen Pfoten hineinwachsen oder die Angst, er k\u00f6nnte aus der armen Tier\u00e4rztin, die sich wirklich wahnsinnig viel M\u00fche gab, mit Streuni auch nur irgendwie klarzukommen, feinstes Hackfleisch machen. Er hatte jedenfalls den entsprechenden Ausdruck in den Augen.&#8221; Stimmt, ich war kurz davor gewesen. Echt jetzt! Wenn du&#8217;s nicht glaubst, zeig ich dir meine extralange Stinkekralle.<\/span><\/p>\n<p><span style=\"font-family: arial, helvetica, sans-serif;\"> Hier! Alles klar?!! <\/span><\/p>\n<p><span style=\"font-family: arial, helvetica, sans-serif;\">Kaum war ich \u00fcbrigens wieder zu Hause, sagte ich mir: Geht doch! Und im Nu verwandelte ich mich zur\u00fcck in das schl\u00e4frige Schmusetier von eh und je. Der riesengro\u00dfe und starke und sehr gef\u00e4hrliche Krieger wirkt nun wahrscheinlich nur noch wie eine niedliche Illusion meiner selbst. Nur die Stinkekralle beweist noch, dass es ihn gibt. So, und nun gut Schnarch!<\/span><\/p>\n","protected":false},"excerpt":{"rendered":"<p>Heute: Wie man sich den Tierarzt erzieht Gestern schleppten mich meine Menschen zum Tierarzt. Ich habe meinen Menschen ja schon ein paar Male versucht klarzumachen, dass das keine gute Idee ist und ich nicht damit einverstanden bin, aber ausgerechnet bei dem Thema Tierarzt scheine ich bei meinen Menschen auf Granit zu bei\u00dfen. Aber &#8230;, mal&#8230;<\/p>\n","protected":false},"author":1,"featured_media":0,"parent":0,"menu_order":0,"comment_status":"closed","ping_status":"closed","template":"","meta":{"spay_email":""},"translation":{"provider":"WPGlobus","version":"2.6.8","language":"en","enabled_languages":["de","en"],"languages":{"de":{"title":true,"content":true,"excerpt":false},"en":{"title":false,"content":false,"excerpt":false}}},"_links":{"self":[{"href":"https:\/\/wildnpride.com\/en\/wp-json\/wp\/v2\/pages\/307"}],"collection":[{"href":"https:\/\/wildnpride.com\/en\/wp-json\/wp\/v2\/pages"}],"about":[{"href":"https:\/\/wildnpride.com\/en\/wp-json\/wp\/v2\/types\/page"}],"author":[{"embeddable":true,"href":"https:\/\/wildnpride.com\/en\/wp-json\/wp\/v2\/users\/1"}],"replies":[{"embeddable":true,"href":"https:\/\/wildnpride.com\/en\/wp-json\/wp\/v2\/comments?post=307"}],"version-history":[{"count":1,"href":"https:\/\/wildnpride.com\/en\/wp-json\/wp\/v2\/pages\/307\/revisions"}],"predecessor-version":[{"id":308,"href":"https:\/\/wildnpride.com\/en\/wp-json\/wp\/v2\/pages\/307\/revisions\/308"}],"wp:attachment":[{"href":"https:\/\/wildnpride.com\/en\/wp-json\/wp\/v2\/media?parent=307"}],"curies":[{"name":"wp","href":"https:\/\/api.w.org\/{rel}","templated":true}]}}