{"id":326,"date":"2019-09-02T11:20:02","date_gmt":"2019-09-02T10:20:02","guid":{"rendered":"http:\/\/wildnpride.com\/?page_id=326"},"modified":"2019-09-11T18:18:54","modified_gmt":"2019-09-11T17:18:54","slug":"reserva-del-castilla","status":"publish","type":"page","link":"https:\/\/wildnpride.com\/en\/reserva-del-castilla\/","title":{"rendered":"Reserva del Castillo"},"content":{"rendered":"<p><span style=\"font-family: arial, helvetica, sans-serif;\">Unsere zweite Safari geht in einen Safaripark in Andalusien. Dort f\u00e4hrt man mit dem eigenen Fahrzeug\u00a0 durch Gehege mit verschiedenen Tierarten.<\/span><\/p>\n<p><span style=\"font-family: arial, helvetica, sans-serif;\">Unsere Ausr\u00fcstung ist identisch mit der bei Safari 1.<\/span><\/p>\n<p><span style=\"font-family: arial, helvetica, sans-serif;\">Unser Ziel: Nach M\u00f6glichkeit gut fokussierte Bilder von Tieren. Besonders Tiger, L\u00f6wen, W\u00f6lfe, Elefanten und Nash\u00f6rner sollten aufgenommen werden.<\/span><\/p>\n<p><span style=\"font-family: arial, helvetica, sans-serif;\">Durch die unterschiedlichen Zeitzonen zwischen Portugal und Spanien m\u00fcssen wir bereits um 6 Uhr morgens aufbrechen. Nach gut 3 Stunden sind wir etwa 40 km nordwestlich von Sevilla im Reserva del Castillo de las Guardas angekommen. Bereits 15 Minuten vor der offiziellen \u00d6ffnung des Parkes d\u00fcrfen wir auf das Gel\u00e4nde fahren und k\u00f6nnen mit der Safari beginnen. Direkt vor der Zufahrt zum ersten Gehege k\u00f6nnen wir noch einen gro\u00dfen Beutel mit frischen M\u00f6hren kaufen, um damit die Tiere f\u00fcttern zu k\u00f6nnen.<\/span><\/p>\n<p><span style=\"font-family: arial, helvetica, sans-serif;\"><img loading=\"lazy\" class=\"size-medium wp-image-331 aligncenter\" src=\"http:\/\/wildnpride.com\/wp-content\/uploads\/2019\/09\/K800_IMG_2074-300x200.jpg\" alt=\"\" width=\"300\" height=\"200\" srcset=\"https:\/\/wildnpride.com\/wp-content\/uploads\/2019\/09\/K800_IMG_2074-300x200.jpg 300w, https:\/\/wildnpride.com\/wp-content\/uploads\/2019\/09\/K800_IMG_2074-768x512.jpg 768w, https:\/\/wildnpride.com\/wp-content\/uploads\/2019\/09\/K800_IMG_2074-850x567.jpg 850w, https:\/\/wildnpride.com\/wp-content\/uploads\/2019\/09\/K800_IMG_2074.jpg 900w\" sizes=\"(max-width: 300px) 100vw, 300px\" \/><\/span><\/p>\n<p><span style=\"font-family: arial, helvetica, sans-serif;\">Als erstes begegnen uns australische Emus. Die Laufv\u00f6gel sind sehr neugierig und scheinen gro\u00dfes Interesse an unserer Ausr\u00fcstung zu haben, also schnell die Fenster schlie\u00dfen.<\/span><\/p>\n<p><span style=\"font-family: arial, helvetica, sans-serif;\"><img loading=\"lazy\" class=\"size-medium wp-image-334 aligncenter\" src=\"http:\/\/wildnpride.com\/wp-content\/uploads\/2019\/09\/K800_IMG_2071-300x200.jpg\" alt=\"\" width=\"300\" height=\"200\" srcset=\"https:\/\/wildnpride.com\/wp-content\/uploads\/2019\/09\/K800_IMG_2071-300x200.jpg 300w, https:\/\/wildnpride.com\/wp-content\/uploads\/2019\/09\/K800_IMG_2071-768x512.jpg 768w, https:\/\/wildnpride.com\/wp-content\/uploads\/2019\/09\/K800_IMG_2071-850x567.jpg 850w, https:\/\/wildnpride.com\/wp-content\/uploads\/2019\/09\/K800_IMG_2071.jpg 900w\" sizes=\"(max-width: 300px) 100vw, 300px\" \/><\/span><\/p>\n<p><span style=\"font-family: arial, helvetica, sans-serif;\">Die Elanantilopen nehmen unsere M\u00f6hren sehr gerne. Die gro\u00dfen Tiere (bis 1,6 m Schulterh\u00f6he und 900 kg schwer) stammen aus Afrika.<\/span><\/p>\n<p><span style=\"font-family: arial, helvetica, sans-serif;\"><img loading=\"lazy\" class=\"size-medium wp-image-352 aligncenter\" src=\"http:\/\/wildnpride.com\/wp-content\/uploads\/2019\/09\/K800_IMG_2058-300x200.jpg\" alt=\"\" width=\"300\" height=\"200\" srcset=\"https:\/\/wildnpride.com\/wp-content\/uploads\/2019\/09\/K800_IMG_2058-300x200.jpg 300w, https:\/\/wildnpride.com\/wp-content\/uploads\/2019\/09\/K800_IMG_2058-768x512.jpg 768w, https:\/\/wildnpride.com\/wp-content\/uploads\/2019\/09\/K800_IMG_2058-850x567.jpg 850w, https:\/\/wildnpride.com\/wp-content\/uploads\/2019\/09\/K800_IMG_2058.jpg 900w\" sizes=\"(max-width: 300px) 100vw, 300px\" \/><\/span><\/p>\n<p><span style=\"font-family: arial, helvetica, sans-serif;\">Dromedare scheinen M\u00f6hrenliebhaber zu sein. Als wir diese nicht schnell genug an alle Tiere verteilen k\u00f6nnen, wird schon mal in das Fenstergummi unseres PKW gebissen. Also M\u00f6hren werfen und nix wie weiter.<\/span><\/p>\n<p><span style=\"font-family: arial, helvetica, sans-serif;\"><img loading=\"lazy\" class=\"size-medium wp-image-338 aligncenter\" src=\"http:\/\/wildnpride.com\/wp-content\/uploads\/2019\/09\/K800_IMG_2040-300x200.jpg\" alt=\"\" width=\"300\" height=\"200\" srcset=\"https:\/\/wildnpride.com\/wp-content\/uploads\/2019\/09\/K800_IMG_2040-300x200.jpg 300w, https:\/\/wildnpride.com\/wp-content\/uploads\/2019\/09\/K800_IMG_2040-768x512.jpg 768w, https:\/\/wildnpride.com\/wp-content\/uploads\/2019\/09\/K800_IMG_2040-850x567.jpg 850w, https:\/\/wildnpride.com\/wp-content\/uploads\/2019\/09\/K800_IMG_2040.jpg 900w\" sizes=\"(max-width: 300px) 100vw, 300px\" \/><\/span><\/p>\n<p><span style=\"font-family: arial, helvetica, sans-serif;\"><img loading=\"lazy\" class=\"size-medium wp-image-339 aligncenter\" src=\"http:\/\/wildnpride.com\/wp-content\/uploads\/2019\/09\/K800_IMG_2051-300x200.jpg\" alt=\"\" width=\"300\" height=\"200\" srcset=\"https:\/\/wildnpride.com\/wp-content\/uploads\/2019\/09\/K800_IMG_2051-300x200.jpg 300w, https:\/\/wildnpride.com\/wp-content\/uploads\/2019\/09\/K800_IMG_2051-768x512.jpg 768w, https:\/\/wildnpride.com\/wp-content\/uploads\/2019\/09\/K800_IMG_2051-850x567.jpg 850w, https:\/\/wildnpride.com\/wp-content\/uploads\/2019\/09\/K800_IMG_2051.jpg 900w\" sizes=\"(max-width: 300px) 100vw, 300px\" \/><\/span><\/p>\n<p><span style=\"font-family: arial, helvetica, sans-serif;\">In einem gro\u00dfen Gehege laufen zwei wirklich sch\u00f6ne W\u00f6lfe umher. Die Tiere haben (zu Unrecht) einen sehr schlechten Ruf.<\/span><\/p>\n<p><span style=\"font-family: arial, helvetica, sans-serif;\"><img loading=\"lazy\" class=\"size-medium wp-image-341 aligncenter\" src=\"http:\/\/wildnpride.com\/wp-content\/uploads\/2019\/09\/K800_SAM_0011-300x169.jpg\" alt=\"\" width=\"300\" height=\"169\" srcset=\"https:\/\/wildnpride.com\/wp-content\/uploads\/2019\/09\/K800_SAM_0011-300x169.jpg 300w, https:\/\/wildnpride.com\/wp-content\/uploads\/2019\/09\/K800_SAM_0011-768x432.jpg 768w, https:\/\/wildnpride.com\/wp-content\/uploads\/2019\/09\/K800_SAM_0011-1024x576.jpg 1024w, https:\/\/wildnpride.com\/wp-content\/uploads\/2019\/09\/K800_SAM_0011-850x478.jpg 850w, https:\/\/wildnpride.com\/wp-content\/uploads\/2019\/09\/K800_SAM_0011.jpg 1067w\" sizes=\"(max-width: 300px) 100vw, 300px\" \/><\/span><\/p>\n<p><span style=\"font-family: arial, helvetica, sans-serif;\">Die Hy\u00e4ne machte es richtig, bei den Temperaturen ist ein Schl\u00e4fchen im Schatten besser, als in der Sonne rumzutoben.<\/span><\/p>\n<p><span style=\"font-family: arial, helvetica, sans-serif;\"><img loading=\"lazy\" class=\"size-medium wp-image-340 aligncenter\" src=\"http:\/\/wildnpride.com\/wp-content\/uploads\/2019\/09\/K800_IMG_2076-300x200.jpg\" alt=\"\" width=\"300\" height=\"200\" srcset=\"https:\/\/wildnpride.com\/wp-content\/uploads\/2019\/09\/K800_IMG_2076-300x200.jpg 300w, https:\/\/wildnpride.com\/wp-content\/uploads\/2019\/09\/K800_IMG_2076-768x512.jpg 768w, https:\/\/wildnpride.com\/wp-content\/uploads\/2019\/09\/K800_IMG_2076-850x567.jpg 850w, https:\/\/wildnpride.com\/wp-content\/uploads\/2019\/09\/K800_IMG_2076.jpg 900w\" sizes=\"(max-width: 300px) 100vw, 300px\" \/><\/span><\/p>\n<p><span style=\"font-family: arial, helvetica, sans-serif;\">Zebras wirken sehr viel muskul\u00f6ser und kraftvoller als Pferde. Sicherheitshalber werfen wir ihnen die M\u00f6hren aus reichlich Abstand zu. Die Tiere gelten als bissig.<\/span><\/p>\n<p><span style=\"font-family: arial, helvetica, sans-serif;\"><img loading=\"lazy\" class=\"size-medium wp-image-353 aligncenter\" src=\"http:\/\/wildnpride.com\/wp-content\/uploads\/2019\/09\/K800_SAM_0058-300x169.jpg\" alt=\"\" width=\"300\" height=\"169\" srcset=\"https:\/\/wildnpride.com\/wp-content\/uploads\/2019\/09\/K800_SAM_0058-300x169.jpg 300w, https:\/\/wildnpride.com\/wp-content\/uploads\/2019\/09\/K800_SAM_0058-768x432.jpg 768w, https:\/\/wildnpride.com\/wp-content\/uploads\/2019\/09\/K800_SAM_0058-1024x576.jpg 1024w, https:\/\/wildnpride.com\/wp-content\/uploads\/2019\/09\/K800_SAM_0058-850x478.jpg 850w, https:\/\/wildnpride.com\/wp-content\/uploads\/2019\/09\/K800_SAM_0058.jpg 1067w\" sizes=\"(max-width: 300px) 100vw, 300px\" \/><\/span><\/p>\n<p><span style=\"font-family: arial, helvetica, sans-serif;\"><img loading=\"lazy\" class=\"size-medium wp-image-354 aligncenter\" src=\"http:\/\/wildnpride.com\/wp-content\/uploads\/2019\/09\/K800_IMG_2127-300x200.jpg\" alt=\"\" width=\"300\" height=\"200\" srcset=\"https:\/\/wildnpride.com\/wp-content\/uploads\/2019\/09\/K800_IMG_2127-300x200.jpg 300w, https:\/\/wildnpride.com\/wp-content\/uploads\/2019\/09\/K800_IMG_2127-768x512.jpg 768w, https:\/\/wildnpride.com\/wp-content\/uploads\/2019\/09\/K800_IMG_2127-850x567.jpg 850w, https:\/\/wildnpride.com\/wp-content\/uploads\/2019\/09\/K800_IMG_2127.jpg 900w\" sizes=\"(max-width: 300px) 100vw, 300px\" \/><\/span><\/p>\n<p><span style=\"font-family: arial, helvetica, sans-serif;\">Die Oryx Antilopen sind in Afrika beheimatet. Die Tiere k\u00f6nnen bis 300 kg schwer werden. Die M\u00f6hren finden reichlich Anklang bei der Herde.<\/span><\/p>\n<p><span style=\"font-family: arial, helvetica, sans-serif;\"><img loading=\"lazy\" class=\"size-medium wp-image-343 aligncenter\" src=\"http:\/\/wildnpride.com\/wp-content\/uploads\/2019\/09\/K800_IMG_2122-300x200.jpg\" alt=\"\" width=\"300\" height=\"200\" srcset=\"https:\/\/wildnpride.com\/wp-content\/uploads\/2019\/09\/K800_IMG_2122-300x200.jpg 300w, https:\/\/wildnpride.com\/wp-content\/uploads\/2019\/09\/K800_IMG_2122-768x512.jpg 768w, https:\/\/wildnpride.com\/wp-content\/uploads\/2019\/09\/K800_IMG_2122-850x567.jpg 850w, https:\/\/wildnpride.com\/wp-content\/uploads\/2019\/09\/K800_IMG_2122.jpg 900w\" sizes=\"(max-width: 300px) 100vw, 300px\" \/><\/span><\/p>\n<p><span style=\"font-family: arial, helvetica, sans-serif;\">Das Nashorn ist schon sehr beeindruckend. Bis 2300 kg schwer wird so ein Unget\u00fcm. Gut, dass ein Graben und ein Zaun zwischen uns sind.<\/span><\/p>\n<p><span style=\"font-family: arial, helvetica, sans-serif;\"><img loading=\"lazy\" class=\"size-medium wp-image-344 aligncenter\" src=\"http:\/\/wildnpride.com\/wp-content\/uploads\/2019\/09\/K800_IMG_2087-300x200.jpg\" alt=\"\" width=\"300\" height=\"200\" srcset=\"https:\/\/wildnpride.com\/wp-content\/uploads\/2019\/09\/K800_IMG_2087-300x200.jpg 300w, https:\/\/wildnpride.com\/wp-content\/uploads\/2019\/09\/K800_IMG_2087-768x512.jpg 768w, https:\/\/wildnpride.com\/wp-content\/uploads\/2019\/09\/K800_IMG_2087-850x567.jpg 850w, https:\/\/wildnpride.com\/wp-content\/uploads\/2019\/09\/K800_IMG_2087.jpg 900w\" sizes=\"(max-width: 300px) 100vw, 300px\" \/><\/span><\/p>\n<p><span style=\"font-family: arial, helvetica, sans-serif;\">Elefant beim Staubbad.\u00a0 Das gr\u00f6\u00dfte Landtier der Erde wird bis 6000 kg schwer und \u00fcber 3 m gro\u00df. Populationen gibt es in Afrika und Asien.<\/span><\/p>\n<p><span style=\"font-family: arial, helvetica, sans-serif;\"><img loading=\"lazy\" class=\"size-medium wp-image-345 aligncenter\" src=\"http:\/\/wildnpride.com\/wp-content\/uploads\/2019\/09\/K800_IMG_2084-300x200.jpg\" alt=\"\" width=\"300\" height=\"200\" srcset=\"https:\/\/wildnpride.com\/wp-content\/uploads\/2019\/09\/K800_IMG_2084-300x200.jpg 300w, https:\/\/wildnpride.com\/wp-content\/uploads\/2019\/09\/K800_IMG_2084-768x512.jpg 768w, https:\/\/wildnpride.com\/wp-content\/uploads\/2019\/09\/K800_IMG_2084-850x567.jpg 850w, https:\/\/wildnpride.com\/wp-content\/uploads\/2019\/09\/K800_IMG_2084.jpg 900w\" sizes=\"(max-width: 300px) 100vw, 300px\" \/><\/span><\/p>\n<p><span style=\"font-family: arial, helvetica, sans-serif;\">Der Nordamerikanische Bison lebte in gro\u00dfen Herden. Zum Ende des 19. Jahrhunderts gab es nur noch vereinzelte kleine Gruppen. Die Jagd hatte fast zur Ausrottung der imposanten Tiere gef\u00fchrt.<\/span><\/p>\n<p><span style=\"font-family: arial, helvetica, sans-serif;\"><img loading=\"lazy\" class=\"size-medium wp-image-347 aligncenter\" src=\"http:\/\/wildnpride.com\/wp-content\/uploads\/2019\/09\/K800_IMG_2118-300x200.jpg\" alt=\"\" width=\"300\" height=\"200\" srcset=\"https:\/\/wildnpride.com\/wp-content\/uploads\/2019\/09\/K800_IMG_2118-300x200.jpg 300w, https:\/\/wildnpride.com\/wp-content\/uploads\/2019\/09\/K800_IMG_2118-768x512.jpg 768w, https:\/\/wildnpride.com\/wp-content\/uploads\/2019\/09\/K800_IMG_2118-850x567.jpg 850w, https:\/\/wildnpride.com\/wp-content\/uploads\/2019\/09\/K800_IMG_2118.jpg 900w\" sizes=\"(max-width: 300px) 100vw, 300px\" \/><\/span><\/p>\n<p><span style=\"font-family: arial, helvetica, sans-serif;\"><img loading=\"lazy\" class=\"size-medium wp-image-348 aligncenter\" src=\"http:\/\/wildnpride.com\/wp-content\/uploads\/2019\/09\/K800_SAM_0043-300x169.jpg\" alt=\"\" width=\"300\" height=\"169\" srcset=\"https:\/\/wildnpride.com\/wp-content\/uploads\/2019\/09\/K800_SAM_0043-300x169.jpg 300w, https:\/\/wildnpride.com\/wp-content\/uploads\/2019\/09\/K800_SAM_0043-768x432.jpg 768w, https:\/\/wildnpride.com\/wp-content\/uploads\/2019\/09\/K800_SAM_0043-1024x576.jpg 1024w, https:\/\/wildnpride.com\/wp-content\/uploads\/2019\/09\/K800_SAM_0043-850x478.jpg 850w, https:\/\/wildnpride.com\/wp-content\/uploads\/2019\/09\/K800_SAM_0043.jpg 1067w\" sizes=\"(max-width: 300px) 100vw, 300px\" \/><\/span><\/p>\n<p><span style=\"font-family: arial, helvetica, sans-serif;\">Giraffen k\u00f6nnen gr\u00f6\u00dfer als 6 m werden. Die Tiere haben sch\u00f6ne Augen und wirken freundlich. Da es Wildtiere sind, sollte man aber durchaus Respekt vor ihnen haben.<\/span><\/p>\n<p><span style=\"font-family: arial, helvetica, sans-serif;\"><img loading=\"lazy\" class=\"size-medium wp-image-351 aligncenter\" src=\"http:\/\/wildnpride.com\/wp-content\/uploads\/2019\/09\/K800_IMG_2123-300x200.jpg\" alt=\"\" width=\"300\" height=\"200\" srcset=\"https:\/\/wildnpride.com\/wp-content\/uploads\/2019\/09\/K800_IMG_2123-300x200.jpg 300w, https:\/\/wildnpride.com\/wp-content\/uploads\/2019\/09\/K800_IMG_2123-768x512.jpg 768w, https:\/\/wildnpride.com\/wp-content\/uploads\/2019\/09\/K800_IMG_2123-850x567.jpg 850w, https:\/\/wildnpride.com\/wp-content\/uploads\/2019\/09\/K800_IMG_2123.jpg 900w\" sizes=\"(max-width: 300px) 100vw, 300px\" \/><\/span><\/p>\n<p><span style=\"font-family: arial, helvetica, sans-serif;\">Das L\u00f6wengehege ist sehr gro\u00df. Hier mit 300 mm Brennweite fotografiert. Die Tiere liegen faul im Halbschatten, so ist es nicht m\u00f6glich, an bessere Bilder zu kommen. Das Tigergehege ist noch um einiges gr\u00f6\u00dfer, und einige B\u00fcsche versperren uns den Blick auf die sch\u00f6nen Tiere. Selbst mit mehr Brennweite w\u00e4ren keine guten Bilder m\u00f6glich gewesen.<\/span><\/p>\n<p><span style=\"font-family: arial, helvetica, sans-serif;\">Fazit: <\/span><\/p>\n<p><span style=\"font-family: arial, helvetica, sans-serif;\">Ein tolles Erlebnis, direkt mit den Tieren in Kontakt zu kommen. Der weitl\u00e4ufige Park ist sauber, die Tiere machen einen sehr guten Eindruck. L\u00f6wen und Tiger haben wir kaum gesehen, geschweige denn fotografieren k\u00f6nnen.<\/span><\/p>\n<p><span style=\"font-family: arial, helvetica, sans-serif;\">Tipp: Sollte ein Leser diesen Park besuchen wollen, empfehlen wir, einen gut gef\u00fcllten Picknickkorb mitzunehmen. Die dort angebotenen Speisen sind sowohl im Bistro als auch im Restaurant maximal als interessant einzustufen.<\/span><\/p>\n","protected":false},"excerpt":{"rendered":"<p>Unsere zweite Safari geht in einen Safaripark in Andalusien. Dort f\u00e4hrt man mit dem eigenen Fahrzeug\u00a0 durch Gehege mit verschiedenen Tierarten. Unsere Ausr\u00fcstung ist identisch mit der bei Safari 1. Unser Ziel: Nach M\u00f6glichkeit gut fokussierte Bilder von Tieren. Besonders Tiger, L\u00f6wen, W\u00f6lfe, Elefanten und Nash\u00f6rner sollten aufgenommen werden. Durch die unterschiedlichen Zeitzonen zwischen Portugal&#8230;<\/p>\n","protected":false},"author":1,"featured_media":324,"parent":0,"menu_order":0,"comment_status":"closed","ping_status":"closed","template":"","meta":{"spay_email":""},"translation":{"provider":"WPGlobus","version":"2.6.8","language":"en","enabled_languages":["de","en"],"languages":{"de":{"title":true,"content":true,"excerpt":false},"en":{"title":false,"content":false,"excerpt":false}}},"_links":{"self":[{"href":"https:\/\/wildnpride.com\/en\/wp-json\/wp\/v2\/pages\/326"}],"collection":[{"href":"https:\/\/wildnpride.com\/en\/wp-json\/wp\/v2\/pages"}],"about":[{"href":"https:\/\/wildnpride.com\/en\/wp-json\/wp\/v2\/types\/page"}],"author":[{"embeddable":true,"href":"https:\/\/wildnpride.com\/en\/wp-json\/wp\/v2\/users\/1"}],"replies":[{"embeddable":true,"href":"https:\/\/wildnpride.com\/en\/wp-json\/wp\/v2\/comments?post=326"}],"version-history":[{"count":18,"href":"https:\/\/wildnpride.com\/en\/wp-json\/wp\/v2\/pages\/326\/revisions"}],"predecessor-version":[{"id":400,"href":"https:\/\/wildnpride.com\/en\/wp-json\/wp\/v2\/pages\/326\/revisions\/400"}],"wp:featuredmedia":[{"embeddable":true,"href":"https:\/\/wildnpride.com\/en\/wp-json\/wp\/v2\/media\/324"}],"wp:attachment":[{"href":"https:\/\/wildnpride.com\/en\/wp-json\/wp\/v2\/media?parent=326"}],"curies":[{"name":"wp","href":"https:\/\/api.w.org\/{rel}","templated":true}]}}