{"id":359,"date":"2019-09-03T16:49:54","date_gmt":"2019-09-03T15:49:54","guid":{"rendered":"http:\/\/wildnpride.com\/?page_id=359"},"modified":"2019-09-11T17:31:13","modified_gmt":"2019-09-11T16:31:13","slug":"badoca-safari-park","status":"publish","type":"page","link":"https:\/\/wildnpride.com\/en\/badoca-safari-park\/","title":{"rendered":"Badoca Safari Park"},"content":{"rendered":"<p><span style=\"font-family: arial, helvetica, sans-serif;\">F\u00fcr Safari Nr.3 geht es in den Alentejo, eine Region Portugals, direkt n\u00f6rdlich der Algarve.<\/span><\/p>\n<p><span style=\"font-family: arial, helvetica, sans-serif;\">Ziel: M\u00f6glichst nat\u00fcrliche Bilder von verschiedenen Tierarten und weiteres \u00dcben der Tierfotografie.<\/span><\/p>\n<p><span style=\"font-family: arial, helvetica, sans-serif;\">Ausr\u00fcstung: Unser bew\u00e4hrtes Set.\u00a0<\/span><span style=\"font-family: arial, helvetica, sans-serif;\">Neu dabei: Sigma Weitwinkelobjektiv\u00a0 10 &#8211; 20 mm f\u00fcr die Canon 77D<\/span><\/p>\n<p><span style=\"font-family: arial, helvetica, sans-serif;\"><img loading=\"lazy\" class=\"size-medium wp-image-366 aligncenter\" src=\"http:\/\/wildnpride.com\/wp-content\/uploads\/2019\/09\/K800_IMG_2271-300x200.jpg\" alt=\"\" width=\"300\" height=\"200\" srcset=\"https:\/\/wildnpride.com\/wp-content\/uploads\/2019\/09\/K800_IMG_2271-300x200.jpg 300w, https:\/\/wildnpride.com\/wp-content\/uploads\/2019\/09\/K800_IMG_2271-768x512.jpg 768w, https:\/\/wildnpride.com\/wp-content\/uploads\/2019\/09\/K800_IMG_2271-850x567.jpg 850w, https:\/\/wildnpride.com\/wp-content\/uploads\/2019\/09\/K800_IMG_2271.jpg 900w\" sizes=\"(max-width: 300px) 100vw, 300px\" \/><\/span><\/p>\n<p><span style=\"font-family: arial, helvetica, sans-serif;\"><img loading=\"lazy\" class=\"size-medium wp-image-367 aligncenter\" src=\"http:\/\/wildnpride.com\/wp-content\/uploads\/2019\/09\/K800_SAM_0022-300x169.jpg\" alt=\"\" width=\"300\" height=\"169\" srcset=\"https:\/\/wildnpride.com\/wp-content\/uploads\/2019\/09\/K800_SAM_0022-300x169.jpg 300w, https:\/\/wildnpride.com\/wp-content\/uploads\/2019\/09\/K800_SAM_0022-768x432.jpg 768w, https:\/\/wildnpride.com\/wp-content\/uploads\/2019\/09\/K800_SAM_0022-1024x576.jpg 1024w, https:\/\/wildnpride.com\/wp-content\/uploads\/2019\/09\/K800_SAM_0022-850x478.jpg 850w, https:\/\/wildnpride.com\/wp-content\/uploads\/2019\/09\/K800_SAM_0022.jpg 1067w\" sizes=\"(max-width: 300px) 100vw, 300px\" \/><\/span><\/p>\n<p><span style=\"font-family: arial, helvetica, sans-serif;\">Direkt nach dem Betreten des Safariparks laufen verschiedene Tierarten wie dieser Pfau zwischen den Besuchern herum. Wir m\u00fcssen aufpassen, nicht auf einen dieser herrlichen V\u00f6gel zu treten.<\/span><\/p>\n<p><span style=\"font-family: arial, helvetica, sans-serif;\"><img loading=\"lazy\" class=\"size-medium wp-image-370 aligncenter\" src=\"http:\/\/wildnpride.com\/wp-content\/uploads\/2019\/09\/K800_K800_SAM_0071-300x169.jpg\" alt=\"\" width=\"300\" height=\"169\" srcset=\"https:\/\/wildnpride.com\/wp-content\/uploads\/2019\/09\/K800_K800_SAM_0071-300x169.jpg 300w, https:\/\/wildnpride.com\/wp-content\/uploads\/2019\/09\/K800_K800_SAM_0071-768x432.jpg 768w, https:\/\/wildnpride.com\/wp-content\/uploads\/2019\/09\/K800_K800_SAM_0071-1024x576.jpg 1024w, https:\/\/wildnpride.com\/wp-content\/uploads\/2019\/09\/K800_K800_SAM_0071-850x478.jpg 850w, https:\/\/wildnpride.com\/wp-content\/uploads\/2019\/09\/K800_K800_SAM_0071.jpg 1067w\" sizes=\"(max-width: 300px) 100vw, 300px\" \/><\/span><\/p>\n<p><span style=\"font-family: arial, helvetica, sans-serif;\">Mit solch einem Vehikel geht es auf die Rundfahrt durch den Teil des Parkes, der zu Fu\u00df nicht betreten werden darf. Bequem ist irgendwie anderes.<\/span><\/p>\n<p><span style=\"font-family: arial, helvetica, sans-serif;\"><img loading=\"lazy\" class=\"size-medium wp-image-373 aligncenter\" src=\"http:\/\/wildnpride.com\/wp-content\/uploads\/2019\/09\/K800_IMG_2343-300x200.jpg\" alt=\"\" width=\"300\" height=\"200\" srcset=\"https:\/\/wildnpride.com\/wp-content\/uploads\/2019\/09\/K800_IMG_2343-300x200.jpg 300w, https:\/\/wildnpride.com\/wp-content\/uploads\/2019\/09\/K800_IMG_2343-768x512.jpg 768w, https:\/\/wildnpride.com\/wp-content\/uploads\/2019\/09\/K800_IMG_2343-850x567.jpg 850w, https:\/\/wildnpride.com\/wp-content\/uploads\/2019\/09\/K800_IMG_2343.jpg 900w\" sizes=\"(max-width: 300px) 100vw, 300px\" \/><\/span><\/p>\n<p><span style=\"font-family: arial, helvetica, sans-serif;\">Verschiedene Tierarten laufen auf einem steppen\u00e4hnlichen Gel\u00e4nde herum. Unser Gef\u00e4hrt kommt dicht an ihnen vorbei. Da es extrem staubig ist, verzichten wir auf einen Objektivwechsel.<\/span><\/p>\n<p><span style=\"font-family: arial, helvetica, sans-serif;\"><img loading=\"lazy\" class=\"size-medium wp-image-374 aligncenter\" src=\"http:\/\/wildnpride.com\/wp-content\/uploads\/2019\/09\/K800_IMG_2379-300x200.jpg\" alt=\"\" width=\"300\" height=\"200\" srcset=\"https:\/\/wildnpride.com\/wp-content\/uploads\/2019\/09\/K800_IMG_2379-300x200.jpg 300w, https:\/\/wildnpride.com\/wp-content\/uploads\/2019\/09\/K800_IMG_2379-768x512.jpg 768w, https:\/\/wildnpride.com\/wp-content\/uploads\/2019\/09\/K800_IMG_2379-850x567.jpg 850w, https:\/\/wildnpride.com\/wp-content\/uploads\/2019\/09\/K800_IMG_2379.jpg 900w\" sizes=\"(max-width: 300px) 100vw, 300px\" \/><\/span><\/p>\n<p><span style=\"font-family: arial, helvetica, sans-serif;\">Der Strau\u00df schaut neugierig, l\u00e4sst sich jedoch nicht aus der Ruhe bringen. Die gr\u00f6\u00dfte lebende Vogelart stammt aus Afrika, bringt es auf bis zu 120 kg Gewicht, 2,8 m Gr\u00f6\u00dfe und kann bis zu 70 km\/h laufen.<\/span><\/p>\n<p><span style=\"font-family: arial, helvetica, sans-serif;\"><img loading=\"lazy\" class=\"size-medium wp-image-375 aligncenter\" src=\"http:\/\/wildnpride.com\/wp-content\/uploads\/2019\/09\/K800_IMG_2358-300x200.jpg\" alt=\"\" width=\"300\" height=\"200\" srcset=\"https:\/\/wildnpride.com\/wp-content\/uploads\/2019\/09\/K800_IMG_2358-300x200.jpg 300w, https:\/\/wildnpride.com\/wp-content\/uploads\/2019\/09\/K800_IMG_2358-768x512.jpg 768w, https:\/\/wildnpride.com\/wp-content\/uploads\/2019\/09\/K800_IMG_2358-850x567.jpg 850w, https:\/\/wildnpride.com\/wp-content\/uploads\/2019\/09\/K800_IMG_2358.jpg 900w\" sizes=\"(max-width: 300px) 100vw, 300px\" \/><\/span><\/p>\n<p><span style=\"font-family: arial, helvetica, sans-serif;\">Viele Tiere liegen (verst\u00e4ndlicherweise) unter B\u00e4umen im Schatten und schauen entspannt zu, wie wir an ihnen vor\u00fcberfahren.<\/span><\/p>\n<p><span style=\"font-family: arial, helvetica, sans-serif;\"><img loading=\"lazy\" class=\"size-medium wp-image-376 aligncenter\" src=\"http:\/\/wildnpride.com\/wp-content\/uploads\/2019\/09\/K800_SAM_0102-300x169.jpg\" alt=\"\" width=\"300\" height=\"169\" srcset=\"https:\/\/wildnpride.com\/wp-content\/uploads\/2019\/09\/K800_SAM_0102-300x169.jpg 300w, https:\/\/wildnpride.com\/wp-content\/uploads\/2019\/09\/K800_SAM_0102-768x432.jpg 768w, https:\/\/wildnpride.com\/wp-content\/uploads\/2019\/09\/K800_SAM_0102-1024x576.jpg 1024w, https:\/\/wildnpride.com\/wp-content\/uploads\/2019\/09\/K800_SAM_0102-850x478.jpg 850w, https:\/\/wildnpride.com\/wp-content\/uploads\/2019\/09\/K800_SAM_0102.jpg 1067w\" sizes=\"(max-width: 300px) 100vw, 300px\" \/><\/span><\/p>\n<p><span style=\"font-family: arial, helvetica, sans-serif;\"><img loading=\"lazy\" class=\"size-medium wp-image-377 aligncenter\" src=\"http:\/\/wildnpride.com\/wp-content\/uploads\/2019\/09\/K800_IMG_2458-300x200.jpg\" alt=\"\" width=\"300\" height=\"200\" srcset=\"https:\/\/wildnpride.com\/wp-content\/uploads\/2019\/09\/K800_IMG_2458-300x200.jpg 300w, https:\/\/wildnpride.com\/wp-content\/uploads\/2019\/09\/K800_IMG_2458-768x512.jpg 768w, https:\/\/wildnpride.com\/wp-content\/uploads\/2019\/09\/K800_IMG_2458-850x567.jpg 850w, https:\/\/wildnpride.com\/wp-content\/uploads\/2019\/09\/K800_IMG_2458.jpg 900w\" sizes=\"(max-width: 300px) 100vw, 300px\" \/><\/span><\/p>\n<p><span style=\"font-family: arial, helvetica, sans-serif;\">Ein besonderes Highlight sind die Giraffen. Sie kamen dicht an unseren Wagen heran und lassen sich gerne anfassen. Auf dem Bild 1 kann man den Gr\u00f6\u00dfenunterschied zu Zebras sehr gut erkennen.<\/span><\/p>\n<p><span style=\"font-family: arial, helvetica, sans-serif;\"><img loading=\"lazy\" class=\"size-medium wp-image-368 aligncenter\" src=\"http:\/\/wildnpride.com\/wp-content\/uploads\/2019\/09\/K800_IMG_2552-300x200.jpg\" alt=\"\" width=\"300\" height=\"200\" srcset=\"https:\/\/wildnpride.com\/wp-content\/uploads\/2019\/09\/K800_IMG_2552-300x200.jpg 300w, https:\/\/wildnpride.com\/wp-content\/uploads\/2019\/09\/K800_IMG_2552-768x512.jpg 768w, https:\/\/wildnpride.com\/wp-content\/uploads\/2019\/09\/K800_IMG_2552-850x567.jpg 850w, https:\/\/wildnpride.com\/wp-content\/uploads\/2019\/09\/K800_IMG_2552.jpg 900w\" sizes=\"(max-width: 300px) 100vw, 300px\" \/><\/span><\/p>\n<p><span style=\"font-family: arial, helvetica, sans-serif;\"><img loading=\"lazy\" class=\"size-medium wp-image-369 aligncenter\" src=\"http:\/\/wildnpride.com\/wp-content\/uploads\/2019\/09\/K800_IMG_2553-300x200.jpg\" alt=\"\" width=\"300\" height=\"200\" srcset=\"https:\/\/wildnpride.com\/wp-content\/uploads\/2019\/09\/K800_IMG_2553-300x200.jpg 300w, https:\/\/wildnpride.com\/wp-content\/uploads\/2019\/09\/K800_IMG_2553-768x512.jpg 768w, https:\/\/wildnpride.com\/wp-content\/uploads\/2019\/09\/K800_IMG_2553-850x567.jpg 850w, https:\/\/wildnpride.com\/wp-content\/uploads\/2019\/09\/K800_IMG_2553.jpg 900w\" sizes=\"(max-width: 300px) 100vw, 300px\" \/><\/span><\/p>\n<p><span style=\"font-family: arial, helvetica, sans-serif;\">Nach dem Mittagessen reinigen wir erst einmal gr\u00fcndlich unsere Kameras und Objektive. Beide Bilder wurden vom gleichen Platz aus fotografiert. Bild 1 mit dem Sigma Weitwinkel \/ 10 mm Brennweite und Bild 2 mit dem Tamron Tele \/ 300 mm Brennweite.<\/span><\/p>\n<p><span style=\"font-family: arial, helvetica, sans-serif;\"><img loading=\"lazy\" class=\"size-medium wp-image-379 aligncenter\" src=\"http:\/\/wildnpride.com\/wp-content\/uploads\/2019\/09\/K800_IMG_2546-300x200.jpg\" alt=\"\" width=\"300\" height=\"200\" srcset=\"https:\/\/wildnpride.com\/wp-content\/uploads\/2019\/09\/K800_IMG_2546-300x200.jpg 300w, https:\/\/wildnpride.com\/wp-content\/uploads\/2019\/09\/K800_IMG_2546-768x512.jpg 768w, https:\/\/wildnpride.com\/wp-content\/uploads\/2019\/09\/K800_IMG_2546-850x567.jpg 850w, https:\/\/wildnpride.com\/wp-content\/uploads\/2019\/09\/K800_IMG_2546.jpg 900w\" sizes=\"(max-width: 300px) 100vw, 300px\" \/><\/span><\/p>\n<p><span style=\"font-family: arial, helvetica, sans-serif;\">Die Lemuren leben im Park auf einer Insel. Die geselligen Tiere sitzen in eng aneinander gedr\u00e4ngten Gruppen zusammen. Aufregung und ein wenig Zwist herrschen w\u00e4hrend der F\u00fctterung.\u00a0 In freier Wildbahn kommen sie nur auf Madagaskar und einigen benachbarten kleineren Inseln vor.<\/span><\/p>\n<p><span style=\"font-family: arial, helvetica, sans-serif;\"><img loading=\"lazy\" class=\"size-medium wp-image-380 aligncenter\" src=\"http:\/\/wildnpride.com\/wp-content\/uploads\/2019\/09\/K800_IMG_2573-300x200.jpg\" alt=\"\" width=\"300\" height=\"200\" srcset=\"https:\/\/wildnpride.com\/wp-content\/uploads\/2019\/09\/K800_IMG_2573-300x200.jpg 300w, https:\/\/wildnpride.com\/wp-content\/uploads\/2019\/09\/K800_IMG_2573-768x512.jpg 768w, https:\/\/wildnpride.com\/wp-content\/uploads\/2019\/09\/K800_IMG_2573-850x567.jpg 850w, https:\/\/wildnpride.com\/wp-content\/uploads\/2019\/09\/K800_IMG_2573.jpg 900w\" sizes=\"(max-width: 300px) 100vw, 300px\" \/><\/span><\/p>\n<p><span style=\"font-family: arial, helvetica, sans-serif;\">Auch verschiedene gr\u00f6\u00dfere Primaten gibt es im Park zu sehen.<\/span><\/p>\n<p><span style=\"font-family: arial, helvetica, sans-serif;\"><img loading=\"lazy\" class=\"size-medium wp-image-382 aligncenter\" src=\"http:\/\/wildnpride.com\/wp-content\/uploads\/2019\/09\/K800_SAM_0167-300x169.jpg\" alt=\"\" width=\"300\" height=\"169\" srcset=\"https:\/\/wildnpride.com\/wp-content\/uploads\/2019\/09\/K800_SAM_0167-300x169.jpg 300w, https:\/\/wildnpride.com\/wp-content\/uploads\/2019\/09\/K800_SAM_0167-768x432.jpg 768w, https:\/\/wildnpride.com\/wp-content\/uploads\/2019\/09\/K800_SAM_0167-1024x576.jpg 1024w, https:\/\/wildnpride.com\/wp-content\/uploads\/2019\/09\/K800_SAM_0167-850x478.jpg 850w, https:\/\/wildnpride.com\/wp-content\/uploads\/2019\/09\/K800_SAM_0167.jpg 1067w\" sizes=\"(max-width: 300px) 100vw, 300px\" \/><\/span><\/p>\n<p><span style=\"font-family: arial, helvetica, sans-serif;\">Das Warzenschwein bewegt sich gem\u00e4chlich in der hei\u00dfen Mittagssonne. Die Allesfresser sind durchaus wehrhafte Tiere, die auch Leoparden vertreiben k\u00f6nnen.<\/span><\/p>\n<p><span style=\"font-family: arial, helvetica, sans-serif;\"><img loading=\"lazy\" class=\"size-medium wp-image-384 aligncenter\" src=\"http:\/\/wildnpride.com\/wp-content\/uploads\/2019\/09\/K800_IMG_2632-300x200.jpg\" alt=\"\" width=\"300\" height=\"200\" srcset=\"https:\/\/wildnpride.com\/wp-content\/uploads\/2019\/09\/K800_IMG_2632-300x200.jpg 300w, https:\/\/wildnpride.com\/wp-content\/uploads\/2019\/09\/K800_IMG_2632-768x512.jpg 768w, https:\/\/wildnpride.com\/wp-content\/uploads\/2019\/09\/K800_IMG_2632-850x567.jpg 850w, https:\/\/wildnpride.com\/wp-content\/uploads\/2019\/09\/K800_IMG_2632.jpg 900w\" sizes=\"(max-width: 300px) 100vw, 300px\" \/><\/span><\/p>\n<p><span style=\"font-family: arial, helvetica, sans-serif;\">Zum Abschluss gib es noch eine Vorf\u00fchrung mit verschiedenen V\u00f6geln. Obwohl schon reichlich m\u00fcde, genie\u00dfen wir die Darbietung und harren gerne aus.\u00a0<\/span><\/p>\n<p><span style=\"font-family: arial, helvetica, sans-serif;\"> \u00a0<img loading=\"lazy\" class=\"size-medium wp-image-386 aligncenter\" src=\"http:\/\/wildnpride.com\/wp-content\/uploads\/2019\/09\/K800_IMG_2674-300x200.jpg\" alt=\"\" width=\"300\" height=\"200\" srcset=\"https:\/\/wildnpride.com\/wp-content\/uploads\/2019\/09\/K800_IMG_2674-300x200.jpg 300w, https:\/\/wildnpride.com\/wp-content\/uploads\/2019\/09\/K800_IMG_2674-768x512.jpg 768w, https:\/\/wildnpride.com\/wp-content\/uploads\/2019\/09\/K800_IMG_2674-850x567.jpg 850w, https:\/\/wildnpride.com\/wp-content\/uploads\/2019\/09\/K800_IMG_2674.jpg 900w\" sizes=\"(max-width: 300px) 100vw, 300px\" \/><\/span><\/p>\n<p><span style=\"font-family: arial, helvetica, sans-serif;\">Achtung &#8230;.. Eule im Anflug.<\/span><\/p>\n<p><span style=\"font-family: arial, helvetica, sans-serif;\"><img loading=\"lazy\" class=\"size-medium wp-image-387 aligncenter\" src=\"http:\/\/wildnpride.com\/wp-content\/uploads\/2019\/09\/K800_IMG_2703-300x200.jpg\" alt=\"\" width=\"300\" height=\"200\" srcset=\"https:\/\/wildnpride.com\/wp-content\/uploads\/2019\/09\/K800_IMG_2703-300x200.jpg 300w, https:\/\/wildnpride.com\/wp-content\/uploads\/2019\/09\/K800_IMG_2703-768x512.jpg 768w, https:\/\/wildnpride.com\/wp-content\/uploads\/2019\/09\/K800_IMG_2703-850x567.jpg 850w, https:\/\/wildnpride.com\/wp-content\/uploads\/2019\/09\/K800_IMG_2703.jpg 900w\" sizes=\"(max-width: 300px) 100vw, 300px\" \/><\/span><\/p>\n<p><span style=\"font-family: arial, helvetica, sans-serif;\">Ein Marabu (eine afrikanische Storchart) beeindruckt mit mehr als 2,5 m Fl\u00fcgelspannweite.<\/span><\/p>\n<p><span style=\"font-family: arial, helvetica, sans-serif;\"> <img loading=\"lazy\" class=\"size-medium wp-image-385 aligncenter\" src=\"http:\/\/wildnpride.com\/wp-content\/uploads\/2019\/09\/K800_IMG_2657-300x200.jpg\" alt=\"\" width=\"300\" height=\"200\" srcset=\"https:\/\/wildnpride.com\/wp-content\/uploads\/2019\/09\/K800_IMG_2657-300x200.jpg 300w, https:\/\/wildnpride.com\/wp-content\/uploads\/2019\/09\/K800_IMG_2657-768x512.jpg 768w, https:\/\/wildnpride.com\/wp-content\/uploads\/2019\/09\/K800_IMG_2657-850x567.jpg 850w, https:\/\/wildnpride.com\/wp-content\/uploads\/2019\/09\/K800_IMG_2657.jpg 900w\" sizes=\"(max-width: 300px) 100vw, 300px\" \/><\/span><\/p>\n<p><span style=\"font-family: arial, helvetica, sans-serif;\"><img loading=\"lazy\" class=\"size-medium wp-image-388 aligncenter\" src=\"http:\/\/wildnpride.com\/wp-content\/uploads\/2019\/09\/K800_SAM_0201-300x169.jpg\" alt=\"\" width=\"300\" height=\"169\" srcset=\"https:\/\/wildnpride.com\/wp-content\/uploads\/2019\/09\/K800_SAM_0201-300x169.jpg 300w, https:\/\/wildnpride.com\/wp-content\/uploads\/2019\/09\/K800_SAM_0201-768x432.jpg 768w, https:\/\/wildnpride.com\/wp-content\/uploads\/2019\/09\/K800_SAM_0201-1024x576.jpg 1024w, https:\/\/wildnpride.com\/wp-content\/uploads\/2019\/09\/K800_SAM_0201-850x478.jpg 850w, https:\/\/wildnpride.com\/wp-content\/uploads\/2019\/09\/K800_SAM_0201.jpg 1067w\" sizes=\"(max-width: 300px) 100vw, 300px\" \/><\/span><\/p>\n<p><span style=\"font-family: arial, helvetica, sans-serif;\">Ein W\u00fcstenbussard, der knapp \u00fcber unseren K\u00f6pfen spektakul\u00e4re Flugman\u00f6ver ausf\u00fchrt. Das Fotografieren in der Luft ist nicht ganz einfach.\u00a0<\/span><\/p>\n<p><span style=\"font-family: arial, helvetica, sans-serif;\">Fazit: Ein sch\u00f6ner und weitl\u00e4ufiger Park mit den unterschiedlichsten Tieren. Gr\u00f6\u00dfere Raubtiere, Elefanten und Nash\u00f6rner sind leider nicht vorhanden.<\/span><\/p>\n<p><span style=\"font-family: arial, helvetica, sans-serif;\">Es war f\u00fcr uns ein gelungener (anstrengender) Tag und unsere Bildausbeute ist wirklich gut.<\/span><\/p>\n","protected":false},"excerpt":{"rendered":"<p>F\u00fcr Safari Nr.3 geht es in den Alentejo, eine Region Portugals, direkt n\u00f6rdlich der Algarve. Ziel: M\u00f6glichst nat\u00fcrliche Bilder von verschiedenen Tierarten und weiteres \u00dcben der Tierfotografie. Ausr\u00fcstung: Unser bew\u00e4hrtes Set.\u00a0Neu dabei: Sigma Weitwinkelobjektiv\u00a0 10 &#8211; 20 mm f\u00fcr die Canon 77D Direkt nach dem Betreten des Safariparks laufen verschiedene Tierarten wie dieser Pfau zwischen&#8230;<\/p>\n","protected":false},"author":1,"featured_media":360,"parent":0,"menu_order":0,"comment_status":"closed","ping_status":"closed","template":"","meta":{"spay_email":""},"translation":{"provider":"WPGlobus","version":"2.6.8","language":"en","enabled_languages":["de","en"],"languages":{"de":{"title":true,"content":true,"excerpt":false},"en":{"title":false,"content":false,"excerpt":false}}},"_links":{"self":[{"href":"https:\/\/wildnpride.com\/en\/wp-json\/wp\/v2\/pages\/359"}],"collection":[{"href":"https:\/\/wildnpride.com\/en\/wp-json\/wp\/v2\/pages"}],"about":[{"href":"https:\/\/wildnpride.com\/en\/wp-json\/wp\/v2\/types\/page"}],"author":[{"embeddable":true,"href":"https:\/\/wildnpride.com\/en\/wp-json\/wp\/v2\/users\/1"}],"replies":[{"embeddable":true,"href":"https:\/\/wildnpride.com\/en\/wp-json\/wp\/v2\/comments?post=359"}],"version-history":[{"count":12,"href":"https:\/\/wildnpride.com\/en\/wp-json\/wp\/v2\/pages\/359\/revisions"}],"predecessor-version":[{"id":395,"href":"https:\/\/wildnpride.com\/en\/wp-json\/wp\/v2\/pages\/359\/revisions\/395"}],"wp:featuredmedia":[{"embeddable":true,"href":"https:\/\/wildnpride.com\/en\/wp-json\/wp\/v2\/media\/360"}],"wp:attachment":[{"href":"https:\/\/wildnpride.com\/en\/wp-json\/wp\/v2\/media?parent=359"}],"curies":[{"name":"wp","href":"https:\/\/api.w.org\/{rel}","templated":true}]}}