{"id":411,"date":"2019-09-21T19:51:39","date_gmt":"2019-09-21T18:51:39","guid":{"rendered":"http:\/\/wildnpride.com\/?page_id=411"},"modified":"2019-09-21T19:51:39","modified_gmt":"2019-09-21T18:51:39","slug":"aufmerksamkeit-erheischen","status":"publish","type":"page","link":"https:\/\/wildnpride.com\/en\/aufmerksamkeit-erheischen\/","title":{"rendered":"Aufmerksamkeit erheischen"},"content":{"rendered":"<p>Wie man bei seinen Menschen Aufmerksamkeit erheischt<\/p>\n<p>Wenn Menschinnen ihren Kater-Menschen bei Laune halten wollen, k\u00f6nnte ich schlichtweg schnattern vor Lachen, was ich normalerweise nur tue, wenn ich V\u00f6gel beobachte. Ich stelle mir dann n\u00e4mlich vor, dass sie mir geradewegs ins Maul fliegen und bei dieser Vorstellung muss ich einfach gen\u00fcsslich lachen. Aber zur\u00fcck zu den Frauen \u2026 Wenn ich schon sehe, wie sie beim Gehen mit dem Po wackeln, denke ich immer, sie wollen sich gleich auf ihre Beute st\u00fcrzen und ihr den Garaus machen. Manche heben sogar ihr Beinchen, als wollten sie pinkeln wie ein Hund oder sie sch\u00fctteln ihr langes Fell am Kopf, als w\u00e4re es nass und sie m\u00fcssten es abtropfen lassen und, was ich \u00fcberhaupt nicht verstehe, sie rasieren ihr sp\u00e4rliches Fell am K\u00f6rper komplett weg, anstatt daf\u00fcr zu sorgen, dass es dicht und gl\u00e4nzend wird. Sie machen einfach alles falsch, gaaaaanz falsch und verhalten sich insgesamt so, wie eine nur halbwegs begabte Katze sich niemals verhalten w\u00fcrde. Dabei ist es doch so einfach!<\/p>\n<p>Fangen wir mit einem Klassiker an. Man strecke geziert eine Vorderpfote ein wenig vor, kr\u00fcmme sie am Ende leicht, strecke seine Zunge heraus und beginne, die Pfote mit langsamen und gleichm\u00e4\u00dfigen Strichen gen\u00fcsslich zu bearbeiten. Dabei schaue man vertr\u00e4umt vor sich her. Dies steigere man noch dahingehend, dass man sich mit der nass geleckten Pfote \u00fcber das, als in meinem Fall, sehr h\u00fcbsche Gesichtchen streicht. Dies wiederhole man m\u00f6glichst oft. Nun muss man gar nicht lange warten. Sofort prasselt es nur so vor Aufmerksamkeiten auf einen herab. Angefangen beim \u201eOh, mein Gott, wie s\u00fc\u00df!\u201c \u00fcber T\u00e4tscheln am Kopf bis hin zu unz\u00e4hligen K\u00fcsschen \u2013 oder, wer es denn wagt, aber bei mir mit Sicherheit nur einmal, zu auf den Arm nehmen. Also, nicht dass es hier zu Missverst\u00e4ndnissen kommt, ich liebe es, auf den Armen herumgetragen zu werden. Aber der Anstand verbietet es ja wohl, mich derart bei meiner Toilette zu st\u00f6ren! Wie man solcherlei Missgriffen entschieden entgegentritt, werde ich noch ausf\u00fchrlich im Kapitel \u201eMenschenerziehung\u201c behandeln. Bis dahin sei die menschliche Vorstellungskraft lediglich dahingehend gekitzelt, dass sich unsere k\u00e4tzischen Bewegungen in Nanosekunden abspielen, will hei\u00dfen: So schnell k\u00f6nnt ihr Menschen gar nicht gucken! Und anschlie\u00dfend gl\u00e4nzen unsere Krallen auch nicht von rotem Nagellack \u2026 Ich bin ein echter Schmusekater, aber untersch\u00e4tzt mich nicht! Auch bei mir hei\u00dft es: Wer nicht h\u00f6ren will, muss f\u00fchlen. Aber keine Sorge, normalerweise fahre ich meine gepflegten, sch\u00f6n scharfen Krallen nur ein wenig aus und lasse die Spitzen kurz aufblitzen. Das gen\u00fcgt v\u00f6llig. Aber dies, wie gesagt, nur am Rande.<\/p>\n<p>Nat\u00fcrlich ist vor allem auch der Catwalk eine ganz, ganz wichtige Geschichte. Daf\u00fcr ist es wesentlich, alle vier Beine zu benutzen und nicht nur zwei. Das kann doch nur schiefgehen, meine lieben Menschinnen und Menschen! Man setze hingegen ein Bein in runden Bewegungen vors andere und lasse dabei dezent und l\u00e4ssig seine R\u00fcckenmuskulatur spielen. Der Kopf ist dabei vorgereckt und die Ohren stehen h\u00fcbsch spitz nach oben. Au weia! Wie sieht das denn bei euch aus? Das \u00fcben wir jetzt aber noch einmal! Allerdings, das muss ich freilich zugeben, wirkt ein echter Catwalk ohne Schwanz nur \u00e4u\u00dferst unvollkommen. Dieser geh\u00f6rt hoch erhoben und in Form eines Fragezeichens getragen. Nun gut, ohne Schwanz kann man da ja wohl wenig machen. Arme Menschen! Seufz \u2026<\/p>\n<p>Die n\u00e4chste \u00dcbung hei\u00dft \u201eK\u00f6pfchengeben\u201c. Dies ist eine meiner leichtesten und liebsten \u00dcbungen. Hier achte man besonders auf den richtigen Druck des eigenen Kopfes gegen den K\u00f6rper des Menschen. Sanft muss der n\u00e4mlich sein und zu keinen blauen Flecken f\u00fchren. Man bewege dabei leicht seinen Kopf von unten nach oben, das Ganze mit besagtem sanften Druck und gebe dabei ein lautes Schnurren von sich. Ganz einfach, oder? Und so effektvoll! Einfach mal beim n\u00e4chsten Date ausprobieren \u2026 Das wird mit Sicherheit ein umwerfender Erfolg! Ach so, ja, und falls die Frisur danach nicht mehr so korrekt sitzt \u2026 \u00e4hm \u2026 Kein Problem! Schnell die Pfote nassgeleckt und wieder glatt gestrichen. Nichts passiert und sieht ja obendrein auch noch niedlich aus, oder etwa nicht?!<\/p>\n<p>Auch das sogenannte Einschnecken ruft regelm\u00e4\u00dfig Seufzattacken bei Gro\u00df und Klein hervor. Wie das funktioniert? Nun, man kr\u00fcmme den R\u00fccken (noch mehr, noch mehr, weiter \u2026 bis zur perfekten Rundung), lege seinen Kopf in Richtung Po und umgekehrt. So, das war\u2019s schon. Wie jetzt? Der Kopf geh\u00f6rt nicht an den Po?! Den habe ich doch vorher gr\u00fcndlich geleckt, so sauber ist der. Was hast du denn gedacht, du menschlicher Schmutzfink!<\/p>\n<p>Es g\u00e4be noch eine Menge Tipps, die ich euch geben k\u00f6nnte, liebe Menschinnen und Menschen, aber zun\u00e4chst einmal solltet ihr die hier beschriebenen \u00dcbungen ausprobieren und bis zur \u201ePurrfection\u201c einstudieren. Erst wenn das sicher sitzt, gibt es weitere Tipps, wie man sich als echte Ladykatze bzw. echter Gentlemankater verh\u00e4lt. Und davon gibt es noch jede Menge! Letztlich sind ja alle Katzen, und, wie ich in aller Bescheidenheit zugeben muss, meine Wenigkeit besonders, eine wahre Augenweide, egal, was sie gerade treiben, ob sie nun schlafen, spielen, jagen, schmusen oder einfach nur spazieren gehen. Wir sind nun einmal elegant, niedlich und wundersch\u00f6n. Man k\u00f6nnte auch sagen gottgleich. Aber ich will es ja nicht gleich \u00fcbertreiben.<\/p>\n","protected":false},"excerpt":{"rendered":"<p>Wie man bei seinen Menschen Aufmerksamkeit erheischt Wenn Menschinnen ihren Kater-Menschen bei Laune halten wollen, k\u00f6nnte ich schlichtweg schnattern vor Lachen, was ich normalerweise nur tue, wenn ich V\u00f6gel beobachte. Ich stelle mir dann n\u00e4mlich vor, dass sie mir geradewegs ins Maul fliegen und bei dieser Vorstellung muss ich einfach gen\u00fcsslich lachen. Aber zur\u00fcck zu&#8230;<\/p>\n","protected":false},"author":1,"featured_media":0,"parent":0,"menu_order":0,"comment_status":"closed","ping_status":"closed","template":"","meta":{"spay_email":""},"translation":{"provider":"WPGlobus","version":"2.6.8","language":"en","enabled_languages":["de","en"],"languages":{"de":{"title":true,"content":true,"excerpt":false},"en":{"title":false,"content":false,"excerpt":false}}},"_links":{"self":[{"href":"https:\/\/wildnpride.com\/en\/wp-json\/wp\/v2\/pages\/411"}],"collection":[{"href":"https:\/\/wildnpride.com\/en\/wp-json\/wp\/v2\/pages"}],"about":[{"href":"https:\/\/wildnpride.com\/en\/wp-json\/wp\/v2\/types\/page"}],"author":[{"embeddable":true,"href":"https:\/\/wildnpride.com\/en\/wp-json\/wp\/v2\/users\/1"}],"replies":[{"embeddable":true,"href":"https:\/\/wildnpride.com\/en\/wp-json\/wp\/v2\/comments?post=411"}],"version-history":[{"count":1,"href":"https:\/\/wildnpride.com\/en\/wp-json\/wp\/v2\/pages\/411\/revisions"}],"predecessor-version":[{"id":412,"href":"https:\/\/wildnpride.com\/en\/wp-json\/wp\/v2\/pages\/411\/revisions\/412"}],"wp:attachment":[{"href":"https:\/\/wildnpride.com\/en\/wp-json\/wp\/v2\/media?parent=411"}],"curies":[{"name":"wp","href":"https:\/\/api.w.org\/{rel}","templated":true}]}}