{"id":92,"date":"2019-08-26T13:47:41","date_gmt":"2019-08-26T12:47:41","guid":{"rendered":"http:\/\/wildnpride.com\/?page_id=92"},"modified":"2019-09-16T10:32:24","modified_gmt":"2019-09-16T09:32:24","slug":"erste-safari","status":"publish","type":"page","link":"https:\/\/wildnpride.com\/en\/erste-safari\/","title":{"rendered":"Our first Safari"},"content":{"rendered":"<p><span style=\"font-family: arial, helvetica, sans-serif;\">Unsere erste Safari sollte gleich ein gro\u00dfes Abenteuer sein und in einem fernen Land mit exotischen und vor allem wilden Tieren stattfinden &#8230; Nein, nat\u00fcrlich nicht. Wir verf\u00fcgen zwar \u00fcber jahrzehntelange Erfahrung mit Filmen und vor allem Fotografieren, aber Tiere &#8220;festzuhalten&#8221; ist etwas anderes, als Personen, Geb\u00e4ude oder Landschaften abzulichten. Jeder, der ein Haustier fotografieren will, kennt die Problematik. Erst wird freundlich und ruhig in die &#8220;Linse&#8221; geschaut und wenn die Einstellungen stimmen und ausgel\u00f6st werden soll, dreht sich der Bello oder die Mieze einfach weg. Landschaften sind da viel geduldiger.<\/span><\/p>\n<p><span style=\"font-family: arial, helvetica, sans-serif;\">F\u00fcr unsere bekannte Webseite AlgarveMoods.com haben wir bereits einige heimische Tierarten in S\u00fcdportugal fotografiert. Dabei wurden viele Bilder mit der Bridge Kamera Samsung WB F1100 gemacht. Ausgesucht wegen der gro\u00dfen Brennweitenspanne (36-facher optischer Zoom) und des staubdichten Geh\u00e4uses. F\u00fcr Wanderungen an der K\u00fcste und im Gebirge sehr empfehlenswert. Der Autofokus ist sehr genau, aber leider auch extrem langsam.<\/span><\/p>\n<p><span style=\"font-family: arial, helvetica, sans-serif;\">Also, die erste Safari geht &#8230; in einen Zoo. An der Algarve gibt es einen Zoo bei Lagos, den wir ausgesucht haben. Um 10 Uhr beginnt das Abenteuer &#8230;<\/span><\/p>\n<p><span style=\"font-family: arial, helvetica, sans-serif;\">Unsere Ausr\u00fcstung:<\/span><br \/>\n<span style=\"font-family: arial, helvetica, sans-serif;\">Canon EOS 77D &#8211;\u00a0Canon Objektiv 18 bis 55 mm &#8211;\u00a0Yongnuo Festbrennweitenobjektiv 50 mm &#8211; Tamron Teleobjektiv 70 &#8211; 300 mm\u00a0und die bew\u00e4hrte Samsung WB F1100.<\/span><\/p>\n<p><span style=\"font-family: arial, helvetica, sans-serif;\">Unser Ziel:<\/span><br \/>\n<span style=\"font-family: arial, helvetica, sans-serif;\">10 gute und weitere 40 brauchbare Bilder.<\/span><\/p>\n<p><span style=\"font-family: arial, helvetica, sans-serif;\">Die ersten Tiere:<\/span><\/p>\n<p><span style=\"font-family: arial, helvetica, sans-serif;\"><img loading=\"lazy\" class=\"size-medium wp-image-284 aligncenter\" src=\"http:\/\/wildnpride.com\/wp-content\/uploads\/2019\/08\/K800_IMG_1609-300x200.jpg\" alt=\"wasserschildkr\u00f6te\" width=\"300\" height=\"200\" srcset=\"https:\/\/wildnpride.com\/wp-content\/uploads\/2019\/08\/K800_IMG_1609-300x200.jpg 300w, https:\/\/wildnpride.com\/wp-content\/uploads\/2019\/08\/K800_IMG_1609-768x512.jpg 768w, https:\/\/wildnpride.com\/wp-content\/uploads\/2019\/08\/K800_IMG_1609-850x567.jpg 850w, https:\/\/wildnpride.com\/wp-content\/uploads\/2019\/08\/K800_IMG_1609.jpg 900w\" sizes=\"(max-width: 300px) 100vw, 300px\" \/><\/span><\/p>\n<p><span style=\"font-family: arial, helvetica, sans-serif;\"><img loading=\"lazy\" class=\"size-medium wp-image-285 aligncenter\" src=\"http:\/\/wildnpride.com\/wp-content\/uploads\/2019\/08\/K800_IMG_1605-300x200.jpg\" alt=\"\" width=\"300\" height=\"200\" srcset=\"https:\/\/wildnpride.com\/wp-content\/uploads\/2019\/08\/K800_IMG_1605-300x200.jpg 300w, https:\/\/wildnpride.com\/wp-content\/uploads\/2019\/08\/K800_IMG_1605-768x512.jpg 768w, https:\/\/wildnpride.com\/wp-content\/uploads\/2019\/08\/K800_IMG_1605-850x567.jpg 850w, https:\/\/wildnpride.com\/wp-content\/uploads\/2019\/08\/K800_IMG_1605.jpg 900w\" sizes=\"(max-width: 300px) 100vw, 300px\" \/><\/span><\/p>\n<p><span style=\"font-family: arial, helvetica, sans-serif;\">Wasserschildkr\u00f6ten, sehr fotogen und seeehr langsam, also ein perfekter Einstieg.<\/span><\/p>\n<p><span style=\"font-family: arial, helvetica, sans-serif;\"><img loading=\"lazy\" class=\"size-medium wp-image-298 aligncenter\" src=\"http:\/\/wildnpride.com\/wp-content\/uploads\/2019\/08\/K800_SAM_0091-300x169.jpg\" alt=\"\" width=\"300\" height=\"169\" \/><\/span><\/p>\n<p><span style=\"font-family: arial, helvetica, sans-serif;\">Flughunde, die in der warmen Sonne chillen.<\/span><\/p>\n<p><span style=\"font-family: arial, helvetica, sans-serif;\"><img loading=\"lazy\" class=\"size-medium wp-image-299 aligncenter\" src=\"http:\/\/wildnpride.com\/wp-content\/uploads\/2019\/08\/K800_IMG_1628-300x200.jpg\" alt=\"\" width=\"300\" height=\"200\" srcset=\"https:\/\/wildnpride.com\/wp-content\/uploads\/2019\/08\/K800_IMG_1628-300x200.jpg 300w, https:\/\/wildnpride.com\/wp-content\/uploads\/2019\/08\/K800_IMG_1628-768x512.jpg 768w, https:\/\/wildnpride.com\/wp-content\/uploads\/2019\/08\/K800_IMG_1628-850x567.jpg 850w, https:\/\/wildnpride.com\/wp-content\/uploads\/2019\/08\/K800_IMG_1628.jpg 900w\" sizes=\"(max-width: 300px) 100vw, 300px\" \/><\/span><\/p>\n<p><span style=\"font-family: arial, helvetica, sans-serif;\">Papageien, na dann Prost<\/span><\/p>\n<p><span style=\"font-family: arial, helvetica, sans-serif;\"><img loading=\"lazy\" class=\"size-medium wp-image-300 aligncenter\" src=\"http:\/\/wildnpride.com\/wp-content\/uploads\/2019\/08\/K800_IMG_1655-300x200.jpg\" alt=\"\" width=\"300\" height=\"200\" srcset=\"https:\/\/wildnpride.com\/wp-content\/uploads\/2019\/08\/K800_IMG_1655-300x200.jpg 300w, https:\/\/wildnpride.com\/wp-content\/uploads\/2019\/08\/K800_IMG_1655-768x512.jpg 768w, https:\/\/wildnpride.com\/wp-content\/uploads\/2019\/08\/K800_IMG_1655-850x567.jpg 850w, https:\/\/wildnpride.com\/wp-content\/uploads\/2019\/08\/K800_IMG_1655.jpg 900w\" sizes=\"(max-width: 300px) 100vw, 300px\" \/><\/span><\/p>\n<p><span style=\"font-family: arial, helvetica, sans-serif;\">Der Kollege hatte es trotz der Temperaturen ziemlich eilig.<\/span><\/p>\n<p><span style=\"font-family: arial, helvetica, sans-serif;\"><img loading=\"lazy\" class=\"size-medium wp-image-312 aligncenter\" src=\"http:\/\/wildnpride.com\/wp-content\/uploads\/2019\/08\/K800_IMG_1768-300x200.jpg\" alt=\"\" width=\"300\" height=\"200\" srcset=\"https:\/\/wildnpride.com\/wp-content\/uploads\/2019\/08\/K800_IMG_1768-300x200.jpg 300w, https:\/\/wildnpride.com\/wp-content\/uploads\/2019\/08\/K800_IMG_1768-768x512.jpg 768w, https:\/\/wildnpride.com\/wp-content\/uploads\/2019\/08\/K800_IMG_1768-850x567.jpg 850w, https:\/\/wildnpride.com\/wp-content\/uploads\/2019\/08\/K800_IMG_1768.jpg 900w\" sizes=\"(max-width: 300px) 100vw, 300px\" \/><\/span><\/p>\n<p><span style=\"font-family: arial, helvetica, sans-serif;\"><img loading=\"lazy\" class=\"size-medium wp-image-315 aligncenter\" src=\"http:\/\/wildnpride.com\/wp-content\/uploads\/2019\/08\/K800_SAM_0123-300x169.jpg\" alt=\"\" width=\"300\" height=\"169\" \/><\/span><\/p>\n<p><span style=\"font-family: arial, helvetica, sans-serif;\">Flamingos gibt es hier in Portugal auch an verschiedenen Orten in ihrer nat\u00fcrlichen Umgebung zu sehen. Der Vorteil eines Zoos ist die unmittelbare N\u00e4he der Tiere (Bild 1 mit 70 mm Brennweite und Bild 2 mit 33 mm aufgenommen).<\/span><\/p>\n<p><span style=\"font-family: arial, helvetica, sans-serif;\"><img loading=\"lazy\" class=\"size-medium wp-image-314 aligncenter\" src=\"http:\/\/wildnpride.com\/wp-content\/uploads\/2019\/08\/K800_IMG_1733-300x200.jpg\" alt=\"\" width=\"300\" height=\"200\" srcset=\"https:\/\/wildnpride.com\/wp-content\/uploads\/2019\/08\/K800_IMG_1733-300x200.jpg 300w, https:\/\/wildnpride.com\/wp-content\/uploads\/2019\/08\/K800_IMG_1733-768x512.jpg 768w, https:\/\/wildnpride.com\/wp-content\/uploads\/2019\/08\/K800_IMG_1733-850x567.jpg 850w, https:\/\/wildnpride.com\/wp-content\/uploads\/2019\/08\/K800_IMG_1733.jpg 900w\" sizes=\"(max-width: 300px) 100vw, 300px\" \/><\/span><\/p>\n<p><span style=\"font-family: arial, helvetica, sans-serif;\">Das gr\u00f6\u00dfte Tier im Zoo ist das Zwergflusspferd. Temperamentvoll geht irgendwie anders.<\/span><\/p>\n<p><span style=\"font-family: arial, helvetica, sans-serif;\">Ergebnis:<br \/>\nMehr als 50 gute und etwa 200 brauchbare Bilder.<\/span><\/p>\n<p><span style=\"font-family: arial, helvetica, sans-serif;\">Fazit:<br \/>\n<\/span><span style=\"font-family: arial, helvetica, sans-serif;\">Der Zoo ist sehr sch\u00f6n angelegt, die Anlagen sind sauber und gepflegt. Auf Grund seiner geringen Gr\u00f6\u00dfe wird auf die Haltung von gro\u00dfen Tiere verzichtet.<\/span><\/p>\n<p><span style=\"font-family: arial, helvetica, sans-serif;\">Unsere Fotoausr\u00fcstung reicht f\u00fcr einen Zoo oder auch einen weitl\u00e4ufigen Tierpark. Bei einer Safari, mit Tieren in freier Wildbahn, wird aber eine deutlich gr\u00f6\u00dfere Brennweite gebraucht.<\/span><\/p>\n<p><span style=\"font-family: arial, helvetica, sans-serif;\"> Bis zur ersten &#8220;echten&#8221; Safari werden wir unsere Ausr\u00fcstung vervollst\u00e4ndigen, weitere Tierparks besuchen und \u00fcben &#8211; \u00fcben &#8211; \u00fcben.\u00a0<\/span><\/p>\n","protected":false},"excerpt":{"rendered":"<p>Unsere erste Safari sollte gleich ein gro\u00dfes Abenteuer sein und in einem fernen Land mit exotischen und vor allem wilden Tieren stattfinden &#8230; Nein, nat\u00fcrlich nicht. Wir verf\u00fcgen zwar \u00fcber jahrzehntelange Erfahrung mit Filmen und vor allem Fotografieren, aber Tiere &#8220;festzuhalten&#8221; ist etwas anderes, als Personen, Geb\u00e4ude oder Landschaften abzulichten. Jeder, der ein Haustier fotografieren&#8230;<\/p>\n","protected":false},"author":1,"featured_media":99,"parent":0,"menu_order":0,"comment_status":"closed","ping_status":"closed","template":"","meta":{"spay_email":""},"translation":{"provider":"WPGlobus","version":"2.6.8","language":"en","enabled_languages":["de","en"],"languages":{"de":{"title":true,"content":true,"excerpt":false},"en":{"title":true,"content":false,"excerpt":false}}},"_links":{"self":[{"href":"https:\/\/wildnpride.com\/en\/wp-json\/wp\/v2\/pages\/92"}],"collection":[{"href":"https:\/\/wildnpride.com\/en\/wp-json\/wp\/v2\/pages"}],"about":[{"href":"https:\/\/wildnpride.com\/en\/wp-json\/wp\/v2\/types\/page"}],"author":[{"embeddable":true,"href":"https:\/\/wildnpride.com\/en\/wp-json\/wp\/v2\/users\/1"}],"replies":[{"embeddable":true,"href":"https:\/\/wildnpride.com\/en\/wp-json\/wp\/v2\/comments?post=92"}],"version-history":[{"count":20,"href":"https:\/\/wildnpride.com\/en\/wp-json\/wp\/v2\/pages\/92\/revisions"}],"predecessor-version":[{"id":405,"href":"https:\/\/wildnpride.com\/en\/wp-json\/wp\/v2\/pages\/92\/revisions\/405"}],"wp:featuredmedia":[{"embeddable":true,"href":"https:\/\/wildnpride.com\/en\/wp-json\/wp\/v2\/media\/99"}],"wp:attachment":[{"href":"https:\/\/wildnpride.com\/en\/wp-json\/wp\/v2\/media?parent=92"}],"curies":[{"name":"wp","href":"https:\/\/api.w.org\/{rel}","templated":true}]}}